{"id":2115,"date":"2018-02-07T11:23:22","date_gmt":"2021-02-25T17:29:00","guid":{"rendered":"https:\/\/www.bicroma.it\/prodotto\/breast-and-decollete-alginate-mask-firming-and-fortifying-activator\/"},"modified":"2025-06-05T11:02:35","modified_gmt":"2025-06-05T09:02:35","slug":"breast-and-decollete-alginate-mask-firming-and-fortifying-activator","status":"publish","type":"product","link":"https:\/\/www.bicroma.com\/en\/prodotto\/breast-and-decollete-alginate-mask-firming-and-fortifying-activator\/","title":{"rendered":"BREAST AND D\u00c9COLLET\u00c9 FIRMING KIT (1 MASK 60 g + 1 ACTIVATOR 150 ml.)"},"content":{"rendered":"<h3>Data sheet<\/h3>\n<hr \/>\n<p><strong>BREAST AND D\u00c9COLLET\u00c9 ALGINATE MASK:<\/strong><\/p>\n<p><strong>Freeze-dried Brown Algae Alginate:<\/strong> rich in vitamins and proteins for a nourishing, stimulating and revitalizing action. Moisturizing, firming, toning for a firmer, relaxed and radiant skin.<\/p>\n<p><strong>Gluconolactone:<\/strong>moisturizing, antioxidant, anti-aging, exfoliating, depigmenting.<\/p>\n<p><strong>ACTIVATOR FOR ALGINATE BREAST MASK:<\/strong><\/p>\n<p><strong>Trace elements<\/strong> (Calcium Chloride, Iron, Manganese, Magnesium, Copper, Zinc) are minerals and metals, these elements are fundamental building blocks because they play a very important role in all the transformation reactions that take place every second inside our body. The use of trace elements is based on the fact that all vital reactions in the body are caused and regulated by them.<\/p>\n<p><strong>How to use: <\/strong><br \/>\nmix vigorously the powder of the BREAST AND D\u00c9COLLET\u00c9 ALGINATE MASK FIRMING AND FORTIFYING (1 disposable sachet) with the ACTIVATOR for BREAST AND D\u00c9COLLET\u00c9 ALGINATE MASK FIRMING AND FORTIFYING (1 disposable bottle) inside a bowl until you obtain an homogeneous substance*<\/p>\n<p>Apply the mask onto the breasts and the d\u00e9collet\u00e9 with a spatula, let it act for 15\/20 minutes, until the mask is dry and creates a gelatinous layer. Remove the mask with the fingers and the residues with water or dry-sensitive tonic on a sponge.<\/p>\n<p>*In order to obtain a creamier substance, add a cup of coffee full of warm water.<\/p>\n<p><strong>Inci Mask: <\/strong><br \/>\nSolum Diatomeae (Diatomaceous Earth), Algin, Calcium Sulfate, Caprylic\/Capric Triglyceride, Tetrasodium Pyrophosphate, Xanthan Gum, Gluconolactone.<\/p>\n<p><strong>Inci Activator: <\/strong><br \/>\nAqua (Water), Propylene Glycol, Pentylene Glycol, Magnesium Nitrate, Magnesium Chloride, Methylchloroisothiazolinone, Calcium Chloride, Cupric Chloride, Ferric Chloride, Manganese Chloride, Zinc Chloride, Methylisothiazolinone.<\/p>\n<p><strong>How to preserve:<\/strong><br \/>\navoid to keep the product open for a long time. Store in a cool and dry place, away from direct light. The possible changing in color of the product shows the natural origin of the components and doesn\u2019t change the quality of the product.<\/p>\n<p>PAO 6M<\/p>\n<ul>\n<li>With Plant-Based Active Ingredients<\/li>\n<li>External use<\/li>\n<li>Made in Italy<\/li>\n<\/ul>\n","protected":false},"excerpt":{"rendered":"<p><strong>MASK:<\/strong><br \/>\n<strong>WITH ALGINATE AND BROWN SEAWEEDS<\/strong><br \/>\nThe Alginates of this <strong>seaweed<\/strong> bring to life a plastic mass that gives tone and muscular stimulation facilitating the penetration of the active compounds and improving the comfort of the skin. The mask for the treatment of the breast and d\u00e9collet\u00e9 with alginates can be used on all kind of skins, it is an ideal treatment that gives back minerals to tired skins, soothes sensitive skins and stimulates the expulsion of toxins. Thanks to its action, the mask can achieve the deepest skin layers leaving it hydrated, firm, stretched and luminous.<\/p>\n<p><strong>Active compounds: Alginate and Brown Seaweeds, Gluconolactone.<\/strong><br \/>\n<strong>ACTIVATOR:<\/strong><br \/>\n<strong>WITH ZINC AND MANGANESE<\/strong><br \/>\nthis activator is rich of trace elements that assure a nourishing and protective action against aggressive external agents; it helps improving skin\u2019s structure and aspect.<br \/>\n<strong>Active Compounds: Trace Elements: Calcium Clorure, Iron, Manganese, Magnesium, Copper, Zinc.<\/strong><\/p>\n<p>Howo to preserve<\/p>\n","protected":false},"featured_media":2255,"comment_status":"closed","ping_status":"closed","template":"","meta":[],"product_brand":[],"product_cat":[243,311,242],"product_tag":[245,371,370,369],"class_list":{"0":"post-2115","1":"product","2":"type-product","3":"status-publish","4":"has-post-thumbnail","6":"product_cat-body","7":"product_cat-breast-treatment","8":"product_cat-prodotti-en","9":"product_tag-bicroma-en","10":"product_tag-brown-seaweeds","11":"product_tag-manganese-en","12":"product_tag-zinc","14":"first","15":"instock","16":"sale","17":"taxable","18":"shipping-taxable","19":"purchasable","20":"product-type-simple"},"_links":{"self":[{"href":"https:\/\/www.bicroma.com\/en\/wp-json\/wp\/v2\/product\/2115","targetHints":{"allow":["GET"]}}],"collection":[{"href":"https:\/\/www.bicroma.com\/en\/wp-json\/wp\/v2\/product"}],"about":[{"href":"https:\/\/www.bicroma.com\/en\/wp-json\/wp\/v2\/types\/product"}],"replies":[{"embeddable":true,"href":"https:\/\/www.bicroma.com\/en\/wp-json\/wp\/v2\/comments?post=2115"}],"wp:featuredmedia":[{"embeddable":true,"href":"https:\/\/www.bicroma.com\/en\/wp-json\/wp\/v2\/media\/2255"}],"wp:attachment":[{"href":"https:\/\/www.bicroma.com\/en\/wp-json\/wp\/v2\/media?parent=2115"}],"wp:term":[{"taxonomy":"product_brand","embeddable":true,"href":"https:\/\/www.bicroma.com\/en\/wp-json\/wp\/v2\/product_brand?post=2115"},{"taxonomy":"product_cat","embeddable":true,"href":"https:\/\/www.bicroma.com\/en\/wp-json\/wp\/v2\/product_cat?post=2115"},{"taxonomy":"product_tag","embeddable":true,"href":"https:\/\/www.bicroma.com\/en\/wp-json\/wp\/v2\/product_tag?post=2115"}],"curies":[{"name":"wp","href":"https:\/\/api.w.org\/{rel}","templated":true}]}}